{"id":10,"date":"2014-03-25T17:06:25","date_gmt":"2014-03-25T17:06:25","guid":{"rendered":"http:\/\/vaimenina.wordpress.com\/?page_id=10"},"modified":"2016-03-30T00:59:52","modified_gmt":"2016-03-30T03:59:52","slug":"jessica","status":"publish","type":"page","link":"https:\/\/vaimenina.com.br\/blog\/jessica\/","title":{"rendered":"Sobre o blog"},"content":{"rendered":"<div class=\"pntrst_main_before_after\"><div class=\"pntrst-button-wrap \" >\n\t\t\t\t\t\t\t<a  data-pin-do=\"buttonFollow\" href=\"https:\/\/www.pinterest.com\/vaimenina\/\">Follow me<\/a>\n\t\t\t\t\t\t<\/div><\/div><p>Cabelo natural, ballet adulto e autoconfian\u00e7a. Inspira\u00e7\u00f5es para amar e se divertir com quem voc\u00ea \u00e9.<\/p>\n<p>O Vai, Menina veio de uma frase de incentivo que falo sempre e tem rela\u00e7\u00e3o direta com<strong> amor pr\u00f3prio<\/strong> e realiza\u00e7\u00e3o de <strong>sonhos<\/strong>. Criei o blog para compartilhar uma fase muito legal da minha vida, onde estou me amando mais, seguindo meus sonhos e fazendo o que tenho vontade, me preocupando cada vez menos com a opini\u00e3o dos outros. Eu comecei a fazer <strong>ballet<\/strong>\u00a0depois de adulta, <strong>cortei o cabelo<\/strong>\u00a0bem curto para me livrar das qu\u00edmicas e assumi ele <strong>natural<\/strong>, descobri que com planejamento d\u00e1 pra <strong>viajar<\/strong>\u00a0e conhecer lugares incr\u00edveis mesmo com pouco dinheiro e quero mostrar que tudo isso \u00e9 poss\u00edvel para mais gente.<\/p>\n<p><img data-recalc-dims=\"1\" loading=\"lazy\" decoding=\"async\" class=\"alignnone size-full wp-image-2745\" src=\"https:\/\/i0.wp.com\/vaimenina.com.br\/blog\/wp-content\/uploads\/2014\/03\/vai-menina-ilustra\u00e7\u00e3o.jpg?resize=1080%2C600\" alt=\"vai-menina-ilustra\u00e7\u00e3o\" width=\"1080\" height=\"600\" srcset=\"https:\/\/i0.wp.com\/vaimenina.com.br\/blog\/wp-content\/uploads\/2014\/03\/vai-menina-ilustra\u00e7\u00e3o.jpg?w=1080&amp;ssl=1 1080w, https:\/\/i0.wp.com\/vaimenina.com.br\/blog\/wp-content\/uploads\/2014\/03\/vai-menina-ilustra\u00e7\u00e3o.jpg?resize=768%2C427&amp;ssl=1 768w, https:\/\/i0.wp.com\/vaimenina.com.br\/blog\/wp-content\/uploads\/2014\/03\/vai-menina-ilustra\u00e7\u00e3o.jpg?resize=300%2C167&amp;ssl=1 300w, https:\/\/i0.wp.com\/vaimenina.com.br\/blog\/wp-content\/uploads\/2014\/03\/vai-menina-ilustra\u00e7\u00e3o.jpg?resize=870%2C483&amp;ssl=1 870w\" sizes=\"(max-width: 1000px) 100vw, 1000px\" \/><\/p>\n<p>Voc\u00ea tamb\u00e9m vai encontrar posts e dicas de viagem, culin\u00e1ria, artesanato, moda, beleza e tudo que ajuda a gente a ser mais feliz, pois \u00e9 pra isso que o Vai Menina nasceu, fazer os dias mais felizes. Reflex\u00f5es sobre padr\u00f5es de beleza, consumo<br \/>\nconsciente e feminismo tamb\u00e9m aparecem por aqui de vez em quando \ud83d\ude42<\/p>\n<p><strong>A blogueira<\/strong><br \/>\nJ\u00e9ssica Ambr\u00f3sio, 23 anos, a menina que vai. Moro no interior de S\u00e3o Paulo, mas a vontade \u00e9 de conhecer o mundo. Publicit\u00e1ria, trabalho com produ\u00e7\u00e3o de conte\u00fado e marketing digital. J\u00e1 fui muito viciada em internet, e por isso aparento ser mais tecnol\u00f3gica do que realmente sou. Hoje em dia consigo me desconectar mais e dar mais aten\u00e7\u00e3o para outras coisas que tamb\u00e9m s\u00e3o importantes. N\u00e3o ligo de reler os mesmos livros e ou\u00e7o as mesmas bandas sempre. Gosto de esmalte azul, de festa, de glitter, me empolgo f\u00e1cil e sou muito feliz. Ah, sou princesa tamb\u00e9m! Tento levar pra vida uma frase do Forfun, que diz &#8216;me ensino a ser mais tolerante, n\u00e3o julgar ningu\u00e9m e com isso ser mais feliz&#8217;.<\/p>\n<p><img data-recalc-dims=\"1\" loading=\"lazy\" decoding=\"async\" class=\"alignnone size-full wp-image-2743\" src=\"https:\/\/i0.wp.com\/vaimenina.com.br\/blog\/wp-content\/uploads\/2014\/03\/jessica-vai-menina.jpg?resize=1080%2C600\" alt=\"jessica-ambrosio-vai-menina\" width=\"1080\" height=\"600\" srcset=\"https:\/\/i0.wp.com\/vaimenina.com.br\/blog\/wp-content\/uploads\/2014\/03\/jessica-vai-menina.jpg?w=1080&amp;ssl=1 1080w, https:\/\/i0.wp.com\/vaimenina.com.br\/blog\/wp-content\/uploads\/2014\/03\/jessica-vai-menina.jpg?resize=768%2C427&amp;ssl=1 768w, https:\/\/i0.wp.com\/vaimenina.com.br\/blog\/wp-content\/uploads\/2014\/03\/jessica-vai-menina.jpg?resize=300%2C167&amp;ssl=1 300w, https:\/\/i0.wp.com\/vaimenina.com.br\/blog\/wp-content\/uploads\/2014\/03\/jessica-vai-menina.jpg?resize=870%2C483&amp;ssl=1 870w\" sizes=\"(max-width: 1000px) 100vw, 1000px\" \/><\/p>\n<p>Escolha seu assunto preferido no menu superior, entre as categorias da lateral ou confira a nuvem de tags, tenho certeza que voc\u00ea vai encontrar um post para se divertir ou aprender dicas pr\u00e1ticas e baratinhas sobre beleza, estilo e viagens.<\/p>\n<p><strong>Contato e parcerias<\/strong><br \/>\nPara entrar em contato comigo, escreva para<strong> jessica@vaimenina.com.br<\/strong> \ud83d\ude42<\/p>\n<div class=\"pntrst_main_before_after\"><\/div><p><a href=\"\/\/www.pinterest.com\/pin\/create\/button\/\" data-pin-do=\"buttonBookmark\" data-pin-color=\"red\" data-pin-height=\"128\"><img data-recalc-dims=\"1\" decoding=\"async\" src=\"https:\/\/i0.wp.com\/assets.pinterest.com\/images\/pidgets\/pinit_fg_en_rect_red_28.png\" \/><\/a><\/p>","protected":false},"excerpt":{"rendered":"<p>Follow me Cabelo natural, ballet adulto e autoconfian\u00e7a. Inspira\u00e7\u00f5es para amar e se divertir com quem voc\u00ea \u00e9. O Vai, Menina veio de uma frase de incentivo que falo sempre e tem rela\u00e7\u00e3o direta com amor pr\u00f3prio e realiza\u00e7\u00e3o de sonhos. Criei o blog para compartilhar uma fase muito legal da minha vida, onde estou [&hellip;]<\/p>\n","protected":false},"author":1,"featured_media":2747,"parent":0,"menu_order":0,"comment_status":"open","ping_status":"open","template":"","meta":{"_exactmetrics_skip_tracking":false,"_exactmetrics_sitenote_active":false,"_exactmetrics_sitenote_note":"","_exactmetrics_sitenote_category":0,"jetpack_post_was_ever_published":false,"footnotes":""},"class_list":["post-10","page","type-page","status-publish","has-post-thumbnail","hentry"],"yoast_head":"<!-- This site is optimized with the Yoast SEO plugin v23.5 - https:\/\/yoast.com\/wordpress\/plugins\/seo\/ -->\n<title>Sobre o blog - Vai Menina<\/title>\n<meta name=\"robots\" content=\"index, follow, max-snippet:-1, max-image-preview:large, max-video-preview:-1\" \/>\n<link rel=\"canonical\" href=\"https:\/\/vaimenina.com.br\/blog\/jessica\/\" \/>\n<meta property=\"og:locale\" content=\"pt_BR\" \/>\n<meta property=\"og:type\" content=\"article\" \/>\n<meta property=\"og:title\" content=\"Sobre o blog - Vai Menina\" \/>\n<meta property=\"og:description\" content=\"Follow me Cabelo natural, ballet adulto e autoconfian\u00e7a. Inspira\u00e7\u00f5es para amar e se divertir com quem voc\u00ea \u00e9. O Vai, Menina veio de uma frase de incentivo que falo sempre e tem rela\u00e7\u00e3o direta com amor pr\u00f3prio e realiza\u00e7\u00e3o de sonhos. Criei o blog para compartilhar uma fase muito legal da minha vida, onde estou [&hellip;]\" \/>\n<meta property=\"og:url\" content=\"https:\/\/vaimenina.com.br\/blog\/jessica\/\" \/>\n<meta property=\"og:site_name\" content=\"Vai Menina\" \/>\n<meta property=\"article:publisher\" content=\"https:\/\/www.facebook.com\/vaimenina\/\" \/>\n<meta property=\"article:modified_time\" content=\"2016-03-30T03:59:52+00:00\" \/>\n<meta property=\"og:image\" content=\"https:\/\/i0.wp.com\/vaimenina.com.br\/blog\/wp-content\/uploads\/2014\/03\/vai-menina-destacar.jpg?fit=1080%2C267&ssl=1\" \/>\n\t<meta property=\"og:image:width\" content=\"1080\" \/>\n\t<meta property=\"og:image:height\" content=\"267\" \/>\n\t<meta property=\"og:image:type\" content=\"image\/jpeg\" \/>\n<meta name=\"twitter:label1\" content=\"Est. tempo de leitura\" \/>\n\t<meta name=\"twitter:data1\" content=\"2 minutos\" \/>\n<script type=\"application\/ld+json\" class=\"yoast-schema-graph\">{\"@context\":\"https:\/\/schema.org\",\"@graph\":[{\"@type\":\"WebPage\",\"@id\":\"https:\/\/vaimenina.com.br\/blog\/jessica\/\",\"url\":\"https:\/\/vaimenina.com.br\/blog\/jessica\/\",\"name\":\"Sobre o blog - Vai Menina\",\"isPartOf\":{\"@id\":\"https:\/\/vaimenina.com.br\/blog\/#website\"},\"primaryImageOfPage\":{\"@id\":\"https:\/\/vaimenina.com.br\/blog\/jessica\/#primaryimage\"},\"image\":{\"@id\":\"https:\/\/vaimenina.com.br\/blog\/jessica\/#primaryimage\"},\"thumbnailUrl\":\"https:\/\/i0.wp.com\/vaimenina.com.br\/blog\/wp-content\/uploads\/2014\/03\/vai-menina-destacar.jpg?fit=1080%2C267&ssl=1\",\"datePublished\":\"2014-03-25T17:06:25+00:00\",\"dateModified\":\"2016-03-30T03:59:52+00:00\",\"breadcrumb\":{\"@id\":\"https:\/\/vaimenina.com.br\/blog\/jessica\/#breadcrumb\"},\"inLanguage\":\"pt-BR\",\"potentialAction\":[{\"@type\":\"ReadAction\",\"target\":[\"https:\/\/vaimenina.com.br\/blog\/jessica\/\"]}]},{\"@type\":\"ImageObject\",\"inLanguage\":\"pt-BR\",\"@id\":\"https:\/\/vaimenina.com.br\/blog\/jessica\/#primaryimage\",\"url\":\"https:\/\/i0.wp.com\/vaimenina.com.br\/blog\/wp-content\/uploads\/2014\/03\/vai-menina-destacar.jpg?fit=1080%2C267&ssl=1\",\"contentUrl\":\"https:\/\/i0.wp.com\/vaimenina.com.br\/blog\/wp-content\/uploads\/2014\/03\/vai-menina-destacar.jpg?fit=1080%2C267&ssl=1\",\"width\":1080,\"height\":267},{\"@type\":\"BreadcrumbList\",\"@id\":\"https:\/\/vaimenina.com.br\/blog\/jessica\/#breadcrumb\",\"itemListElement\":[{\"@type\":\"ListItem\",\"position\":1,\"name\":\"In\u00edcio\",\"item\":\"https:\/\/vaimenina.com.br\/blog\/\"},{\"@type\":\"ListItem\",\"position\":2,\"name\":\"Sobre o blog\"}]},{\"@type\":\"WebSite\",\"@id\":\"https:\/\/vaimenina.com.br\/blog\/#website\",\"url\":\"https:\/\/vaimenina.com.br\/blog\/\",\"name\":\"Vai Menina\",\"description\":\"Viagens, ballet, cabelo, comportamento e mais...\",\"potentialAction\":[{\"@type\":\"SearchAction\",\"target\":{\"@type\":\"EntryPoint\",\"urlTemplate\":\"https:\/\/vaimenina.com.br\/blog\/?s={search_term_string}\"},\"query-input\":{\"@type\":\"PropertyValueSpecification\",\"valueRequired\":true,\"valueName\":\"search_term_string\"}}],\"inLanguage\":\"pt-BR\"}]}<\/script>\n<!-- \/ Yoast SEO plugin. -->","yoast_head_json":{"title":"Sobre o blog - Vai Menina","robots":{"index":"index","follow":"follow","max-snippet":"max-snippet:-1","max-image-preview":"max-image-preview:large","max-video-preview":"max-video-preview:-1"},"canonical":"https:\/\/vaimenina.com.br\/blog\/jessica\/","og_locale":"pt_BR","og_type":"article","og_title":"Sobre o blog - Vai Menina","og_description":"Follow me Cabelo natural, ballet adulto e autoconfian\u00e7a. Inspira\u00e7\u00f5es para amar e se divertir com quem voc\u00ea \u00e9. O Vai, Menina veio de uma frase de incentivo que falo sempre e tem rela\u00e7\u00e3o direta com amor pr\u00f3prio e realiza\u00e7\u00e3o de sonhos. Criei o blog para compartilhar uma fase muito legal da minha vida, onde estou [&hellip;]","og_url":"https:\/\/vaimenina.com.br\/blog\/jessica\/","og_site_name":"Vai Menina","article_publisher":"https:\/\/www.facebook.com\/vaimenina\/","article_modified_time":"2016-03-30T03:59:52+00:00","og_image":[{"width":1080,"height":267,"url":"https:\/\/i0.wp.com\/vaimenina.com.br\/blog\/wp-content\/uploads\/2014\/03\/vai-menina-destacar.jpg?fit=1080%2C267&ssl=1","type":"image\/jpeg"}],"twitter_misc":{"Est. tempo de leitura":"2 minutos"},"schema":{"@context":"https:\/\/schema.org","@graph":[{"@type":"WebPage","@id":"https:\/\/vaimenina.com.br\/blog\/jessica\/","url":"https:\/\/vaimenina.com.br\/blog\/jessica\/","name":"Sobre o blog - Vai Menina","isPartOf":{"@id":"https:\/\/vaimenina.com.br\/blog\/#website"},"primaryImageOfPage":{"@id":"https:\/\/vaimenina.com.br\/blog\/jessica\/#primaryimage"},"image":{"@id":"https:\/\/vaimenina.com.br\/blog\/jessica\/#primaryimage"},"thumbnailUrl":"https:\/\/i0.wp.com\/vaimenina.com.br\/blog\/wp-content\/uploads\/2014\/03\/vai-menina-destacar.jpg?fit=1080%2C267&ssl=1","datePublished":"2014-03-25T17:06:25+00:00","dateModified":"2016-03-30T03:59:52+00:00","breadcrumb":{"@id":"https:\/\/vaimenina.com.br\/blog\/jessica\/#breadcrumb"},"inLanguage":"pt-BR","potentialAction":[{"@type":"ReadAction","target":["https:\/\/vaimenina.com.br\/blog\/jessica\/"]}]},{"@type":"ImageObject","inLanguage":"pt-BR","@id":"https:\/\/vaimenina.com.br\/blog\/jessica\/#primaryimage","url":"https:\/\/i0.wp.com\/vaimenina.com.br\/blog\/wp-content\/uploads\/2014\/03\/vai-menina-destacar.jpg?fit=1080%2C267&ssl=1","contentUrl":"https:\/\/i0.wp.com\/vaimenina.com.br\/blog\/wp-content\/uploads\/2014\/03\/vai-menina-destacar.jpg?fit=1080%2C267&ssl=1","width":1080,"height":267},{"@type":"BreadcrumbList","@id":"https:\/\/vaimenina.com.br\/blog\/jessica\/#breadcrumb","itemListElement":[{"@type":"ListItem","position":1,"name":"In\u00edcio","item":"https:\/\/vaimenina.com.br\/blog\/"},{"@type":"ListItem","position":2,"name":"Sobre o blog"}]},{"@type":"WebSite","@id":"https:\/\/vaimenina.com.br\/blog\/#website","url":"https:\/\/vaimenina.com.br\/blog\/","name":"Vai Menina","description":"Viagens, ballet, cabelo, comportamento e mais...","potentialAction":[{"@type":"SearchAction","target":{"@type":"EntryPoint","urlTemplate":"https:\/\/vaimenina.com.br\/blog\/?s={search_term_string}"},"query-input":{"@type":"PropertyValueSpecification","valueRequired":true,"valueName":"search_term_string"}}],"inLanguage":"pt-BR"}]}},"jetpack_sharing_enabled":true,"jetpack_shortlink":"https:\/\/wp.me\/P5GGJf-a","_links":{"self":[{"href":"https:\/\/vaimenina.com.br\/blog\/wp-json\/wp\/v2\/pages\/10"}],"collection":[{"href":"https:\/\/vaimenina.com.br\/blog\/wp-json\/wp\/v2\/pages"}],"about":[{"href":"https:\/\/vaimenina.com.br\/blog\/wp-json\/wp\/v2\/types\/page"}],"author":[{"embeddable":true,"href":"https:\/\/vaimenina.com.br\/blog\/wp-json\/wp\/v2\/users\/1"}],"replies":[{"embeddable":true,"href":"https:\/\/vaimenina.com.br\/blog\/wp-json\/wp\/v2\/comments?post=10"}],"version-history":[{"count":8,"href":"https:\/\/vaimenina.com.br\/blog\/wp-json\/wp\/v2\/pages\/10\/revisions"}],"predecessor-version":[{"id":2746,"href":"https:\/\/vaimenina.com.br\/blog\/wp-json\/wp\/v2\/pages\/10\/revisions\/2746"}],"wp:featuredmedia":[{"embeddable":true,"href":"https:\/\/vaimenina.com.br\/blog\/wp-json\/wp\/v2\/media\/2747"}],"wp:attachment":[{"href":"https:\/\/vaimenina.com.br\/blog\/wp-json\/wp\/v2\/media?parent=10"}],"curies":[{"name":"wp","href":"https:\/\/api.w.org\/{rel}","templated":true}]}}