{"id":5222,"date":"2021-04-09T19:03:03","date_gmt":"2021-04-09T22:03:03","guid":{"rendered":"https:\/\/vaimenina.com.br\/blog\/?page_id=5222"},"modified":"2021-04-09T23:39:47","modified_gmt":"2021-04-10T02:39:47","slug":"links","status":"publish","type":"page","link":"https:\/\/vaimenina.com.br\/blog\/links\/","title":{"rendered":"Links"},"content":{"rendered":"<div class=\"pntrst_main_before_after\"><div class=\"pntrst-button-wrap \" >\n\t\t\t\t\t\t\t<a  data-pin-do=\"buttonFollow\" href=\"https:\/\/www.pinterest.com\/vaimenina\/\">Follow me<\/a>\n\t\t\t\t\t\t<\/div><\/div><p style=\"text-align: center;\">Aqui est\u00e3o alguns links \u00fateis que separei para voc\u00ea:<\/p>\n<h4><\/h4>\n<h4 style=\"text-align: center;\"><a href=\"https:\/\/vaimenina.com.br\/blog\">Acesse meu <strong>blog<\/strong><\/a><\/h4>\n<p style=\"text-align: center;\">Compartilho ideias, experi\u00eancias e Inspira\u00e7\u00f5es para criar momentos especiais.<\/p>\n<hr \/>\n<h4 style=\"text-align: center;\"><a href=\"https:\/\/br.pinterest.com\/vaimenina\">me siga no<strong> Pinterest<\/strong><\/a><\/h4>\n<p style=\"text-align: center;\">A rede social da inspira\u00e7\u00e3o! Estou sempre por l\u00e1, compartilhando ideias de mesa posta, DIY e mais uma infinidade de assuntos.<\/p>\n<hr \/>\n<h4 style=\"text-align: center;\"><a href=\"http:\/\/quei.ma\/c\/42fgcaa6f12i\">Desconto <strong>Queima Di\u00e1ria<\/strong><\/a><\/h4>\n<p style=\"text-align: center;\">Assine a <strong>Netflix do Fitness<\/strong>, plataforma para exerc\u00edcios em casa pagando apenas R$7,99 no primeiro m\u00eas.<\/p>\n<hr \/>\n<h4 style=\"text-align: center;\"><a href=\"https:\/\/invite.duolingo.com\/BDHTZTB5CWWKSUE2J4LX6NPBRI\">aprenda idiomas no <strong>duolingo<\/strong><\/a><\/h4>\n<p style=\"text-align: center;\">Plataforma gratuita para estudo de diversos idiomas, como ingl\u00eas, espanhol, franc\u00eas, italiano e alem\u00e3o.<\/p>\n<p>&nbsp;<\/p>\n<div class=\"pntrst_main_before_after\"><\/div><p><a href=\"\/\/www.pinterest.com\/pin\/create\/button\/\" data-pin-do=\"buttonBookmark\" data-pin-color=\"red\" data-pin-height=\"128\"><img data-recalc-dims=\"1\" decoding=\"async\" src=\"https:\/\/i0.wp.com\/assets.pinterest.com\/images\/pidgets\/pinit_fg_en_rect_red_28.png\" \/><\/a><\/p>","protected":false},"excerpt":{"rendered":"<p>Follow me Aqui est\u00e3o alguns links \u00fateis que separei para voc\u00ea: Acesse meu blog Compartilho ideias, experi\u00eancias e Inspira\u00e7\u00f5es para criar momentos especiais. me siga no Pinterest A rede social da inspira\u00e7\u00e3o! Estou sempre por l\u00e1, compartilhando ideias de mesa posta, DIY e mais uma infinidade de assuntos. Desconto Queima Di\u00e1ria Assine a Netflix do [&hellip;]<\/p>\n","protected":false},"author":1,"featured_media":0,"parent":0,"menu_order":0,"comment_status":"closed","ping_status":"closed","template":"","meta":{"_exactmetrics_skip_tracking":false,"_exactmetrics_sitenote_active":false,"_exactmetrics_sitenote_note":"","_exactmetrics_sitenote_category":0,"jetpack_post_was_ever_published":false,"footnotes":""},"class_list":["post-5222","page","type-page","status-publish","hentry"],"yoast_head":"<!-- This site is optimized with the Yoast SEO plugin v23.5 - https:\/\/yoast.com\/wordpress\/plugins\/seo\/ -->\n<title>Links - Vai Menina<\/title>\n<meta name=\"robots\" content=\"index, follow, max-snippet:-1, max-image-preview:large, max-video-preview:-1\" \/>\n<link rel=\"canonical\" href=\"https:\/\/vaimenina.com.br\/blog\/links\/\" \/>\n<meta property=\"og:locale\" content=\"pt_BR\" \/>\n<meta property=\"og:type\" content=\"article\" \/>\n<meta property=\"og:title\" content=\"Links - Vai Menina\" \/>\n<meta property=\"og:description\" content=\"Follow me Aqui est\u00e3o alguns links \u00fateis que separei para voc\u00ea: Acesse meu blog Compartilho ideias, experi\u00eancias e Inspira\u00e7\u00f5es para criar momentos especiais. me siga no Pinterest A rede social da inspira\u00e7\u00e3o! Estou sempre por l\u00e1, compartilhando ideias de mesa posta, DIY e mais uma infinidade de assuntos. Desconto Queima Di\u00e1ria Assine a Netflix do [&hellip;]\" \/>\n<meta property=\"og:url\" content=\"https:\/\/vaimenina.com.br\/blog\/links\/\" \/>\n<meta property=\"og:site_name\" content=\"Vai Menina\" \/>\n<meta property=\"article:publisher\" content=\"https:\/\/www.facebook.com\/vaimenina\/\" \/>\n<meta property=\"article:modified_time\" content=\"2021-04-10T02:39:47+00:00\" \/>\n<script type=\"application\/ld+json\" class=\"yoast-schema-graph\">{\"@context\":\"https:\/\/schema.org\",\"@graph\":[{\"@type\":\"WebPage\",\"@id\":\"https:\/\/vaimenina.com.br\/blog\/links\/\",\"url\":\"https:\/\/vaimenina.com.br\/blog\/links\/\",\"name\":\"Links - Vai Menina\",\"isPartOf\":{\"@id\":\"https:\/\/vaimenina.com.br\/blog\/#website\"},\"datePublished\":\"2021-04-09T22:03:03+00:00\",\"dateModified\":\"2021-04-10T02:39:47+00:00\",\"breadcrumb\":{\"@id\":\"https:\/\/vaimenina.com.br\/blog\/links\/#breadcrumb\"},\"inLanguage\":\"pt-BR\",\"potentialAction\":[{\"@type\":\"ReadAction\",\"target\":[\"https:\/\/vaimenina.com.br\/blog\/links\/\"]}]},{\"@type\":\"BreadcrumbList\",\"@id\":\"https:\/\/vaimenina.com.br\/blog\/links\/#breadcrumb\",\"itemListElement\":[{\"@type\":\"ListItem\",\"position\":1,\"name\":\"In\u00edcio\",\"item\":\"https:\/\/vaimenina.com.br\/blog\/\"},{\"@type\":\"ListItem\",\"position\":2,\"name\":\"Links\"}]},{\"@type\":\"WebSite\",\"@id\":\"https:\/\/vaimenina.com.br\/blog\/#website\",\"url\":\"https:\/\/vaimenina.com.br\/blog\/\",\"name\":\"Vai Menina\",\"description\":\"Viagens, ballet, cabelo, comportamento e mais...\",\"potentialAction\":[{\"@type\":\"SearchAction\",\"target\":{\"@type\":\"EntryPoint\",\"urlTemplate\":\"https:\/\/vaimenina.com.br\/blog\/?s={search_term_string}\"},\"query-input\":{\"@type\":\"PropertyValueSpecification\",\"valueRequired\":true,\"valueName\":\"search_term_string\"}}],\"inLanguage\":\"pt-BR\"}]}<\/script>\n<!-- \/ Yoast SEO plugin. -->","yoast_head_json":{"title":"Links - Vai Menina","robots":{"index":"index","follow":"follow","max-snippet":"max-snippet:-1","max-image-preview":"max-image-preview:large","max-video-preview":"max-video-preview:-1"},"canonical":"https:\/\/vaimenina.com.br\/blog\/links\/","og_locale":"pt_BR","og_type":"article","og_title":"Links - Vai Menina","og_description":"Follow me Aqui est\u00e3o alguns links \u00fateis que separei para voc\u00ea: Acesse meu blog Compartilho ideias, experi\u00eancias e Inspira\u00e7\u00f5es para criar momentos especiais. me siga no Pinterest A rede social da inspira\u00e7\u00e3o! Estou sempre por l\u00e1, compartilhando ideias de mesa posta, DIY e mais uma infinidade de assuntos. Desconto Queima Di\u00e1ria Assine a Netflix do [&hellip;]","og_url":"https:\/\/vaimenina.com.br\/blog\/links\/","og_site_name":"Vai Menina","article_publisher":"https:\/\/www.facebook.com\/vaimenina\/","article_modified_time":"2021-04-10T02:39:47+00:00","schema":{"@context":"https:\/\/schema.org","@graph":[{"@type":"WebPage","@id":"https:\/\/vaimenina.com.br\/blog\/links\/","url":"https:\/\/vaimenina.com.br\/blog\/links\/","name":"Links - Vai Menina","isPartOf":{"@id":"https:\/\/vaimenina.com.br\/blog\/#website"},"datePublished":"2021-04-09T22:03:03+00:00","dateModified":"2021-04-10T02:39:47+00:00","breadcrumb":{"@id":"https:\/\/vaimenina.com.br\/blog\/links\/#breadcrumb"},"inLanguage":"pt-BR","potentialAction":[{"@type":"ReadAction","target":["https:\/\/vaimenina.com.br\/blog\/links\/"]}]},{"@type":"BreadcrumbList","@id":"https:\/\/vaimenina.com.br\/blog\/links\/#breadcrumb","itemListElement":[{"@type":"ListItem","position":1,"name":"In\u00edcio","item":"https:\/\/vaimenina.com.br\/blog\/"},{"@type":"ListItem","position":2,"name":"Links"}]},{"@type":"WebSite","@id":"https:\/\/vaimenina.com.br\/blog\/#website","url":"https:\/\/vaimenina.com.br\/blog\/","name":"Vai Menina","description":"Viagens, ballet, cabelo, comportamento e mais...","potentialAction":[{"@type":"SearchAction","target":{"@type":"EntryPoint","urlTemplate":"https:\/\/vaimenina.com.br\/blog\/?s={search_term_string}"},"query-input":{"@type":"PropertyValueSpecification","valueRequired":true,"valueName":"search_term_string"}}],"inLanguage":"pt-BR"}]}},"jetpack_sharing_enabled":true,"jetpack_shortlink":"https:\/\/wp.me\/P5GGJf-1me","_links":{"self":[{"href":"https:\/\/vaimenina.com.br\/blog\/wp-json\/wp\/v2\/pages\/5222"}],"collection":[{"href":"https:\/\/vaimenina.com.br\/blog\/wp-json\/wp\/v2\/pages"}],"about":[{"href":"https:\/\/vaimenina.com.br\/blog\/wp-json\/wp\/v2\/types\/page"}],"author":[{"embeddable":true,"href":"https:\/\/vaimenina.com.br\/blog\/wp-json\/wp\/v2\/users\/1"}],"replies":[{"embeddable":true,"href":"https:\/\/vaimenina.com.br\/blog\/wp-json\/wp\/v2\/comments?post=5222"}],"version-history":[{"count":5,"href":"https:\/\/vaimenina.com.br\/blog\/wp-json\/wp\/v2\/pages\/5222\/revisions"}],"predecessor-version":[{"id":5228,"href":"https:\/\/vaimenina.com.br\/blog\/wp-json\/wp\/v2\/pages\/5222\/revisions\/5228"}],"wp:attachment":[{"href":"https:\/\/vaimenina.com.br\/blog\/wp-json\/wp\/v2\/media?parent=5222"}],"curies":[{"name":"wp","href":"https:\/\/api.w.org\/{rel}","templated":true}]}}